{"id":19,"date":"2026-01-18T21:19:15","date_gmt":"2026-01-18T21:19:15","guid":{"rendered":"https:\/\/neu.pc-aarberg.ch\/?page_id=19"},"modified":"2026-03-29T20:48:07","modified_gmt":"2026-03-29T20:48:07","slug":"mitgliedschaft","status":"publish","type":"page","link":"https:\/\/neu.pc-aarberg.ch\/index.php\/mitgliedschaft\/","title":{"rendered":"Mitgliedschaft"},"content":{"rendered":"\n<div class=\"wp-block-cover alignfull is-light has-contrast-color has-text-color has-link-color wp-elements-3aaa39f72539d5f4bece5f1c8b74f6b1\" style=\"margin-top:0;margin-bottom:0;padding-top:var(--wp--preset--spacing--60);padding-right:var(--wp--preset--spacing--50);padding-bottom:var(--wp--preset--spacing--60);padding-left:var(--wp--preset--spacing--50);min-height:427px;aspect-ratio:unset;\"><span aria-hidden=\"true\" class=\"wp-block-cover__background has-base-background-color has-background-dim-100 has-background-dim\"><\/span><div class=\"wp-block-cover__inner-container has-global-padding is-layout-constrained wp-container-core-cover-is-layout-873ee6b1 wp-block-cover-is-layout-constrained\">\n<div class=\"wp-block-columns alignwide is-layout-flex wp-container-core-columns-is-layout-7ee84d44 wp-block-columns-is-layout-flex\">\n<div class=\"wp-block-column is-layout-flow wp-block-column-is-layout-flow\" style=\"flex-basis:65%\">\n<div class=\"wp-block-group is-vertical is-content-justification-stretch is-layout-flex wp-container-core-group-is-layout-353c4f5a wp-block-group-is-layout-flex\">\n<p class=\"is-style-text-subtitle is-style-text-subtitle--1\"><strong>Probetraining<\/strong><\/p>\n\n\n\n<p class=\"has-large-font-size\">M\u00f6chtest Du gerne einmal ein Probetraining bei uns absolvieren, oder einfach Deine Treffsicherheit verbessern? Dann bist Du bei uns sehr gerne willkommen!<\/p>\n\n\n\n<p class=\"has-large-font-size\">Gerne kannst Du zu den freien Trainingszeiten am besten mit Voranmeldung unter&nbsp;<a href=\"https:\/\/sr11.emmewebhosting.ch:8443\/sitebuilder\/info@pc-aarberg.ch\">info@pc-aarberg.ch<\/a>&nbsp;bei uns vorbeischauen.<\/p>\n\n\n\n<p class=\"has-large-font-size\">Gegen Vorlage eines amtlichen Dokumentes und einer Geb\u00fchr von 20.- steht einem freien Training nichts mehr im Weg. Ordonnanz-Munition kann bei uns erworben werden.<\/p>\n<\/div>\n<\/div>\n<\/div>\n<\/div><\/div>\n\n\n\n<div class=\"wp-block-cover alignfull is-light has-contrast-color has-text-color has-link-color wp-elements-11378b166d0b59bc08067a88ca2199b0\" style=\"margin-top:0;margin-bottom:0;padding-top:var(--wp--preset--spacing--60);padding-right:var(--wp--preset--spacing--50);padding-bottom:var(--wp--preset--spacing--60);padding-left:var(--wp--preset--spacing--50)\"><span aria-hidden=\"true\" class=\"wp-block-cover__background has-base-background-color has-background-dim-100 has-background-dim\"><\/span><div class=\"wp-block-cover__inner-container has-global-padding is-layout-constrained wp-container-core-cover-is-layout-873ee6b1 wp-block-cover-is-layout-constrained\">\n<div class=\"wp-block-columns alignwide is-layout-flex wp-container-core-columns-is-layout-7ee84d44 wp-block-columns-is-layout-flex\">\n<div class=\"wp-block-column is-layout-flow wp-block-column-is-layout-flow\" style=\"flex-basis:65%\">\n<div class=\"wp-block-group is-vertical is-content-justification-stretch is-layout-flex wp-container-core-group-is-layout-353c4f5a wp-block-group-is-layout-flex\">\n<p class=\"is-style-text-subtitle is-style-text-subtitle--2\"><strong>Feldstich<\/strong><\/p>\n\n\n\n<p class=\"has-large-font-size\">Der Feldstich ist der Trainingswettkampf f\u00fcr die Absolventen des Feldschiessens. Er darf zwischen Saisonbeginn und ca. Ende Mai geschossen werden.&nbsp;<\/p>\n\n\n\n<p class=\"has-large-font-size\">M\u00f6chtest Du am Feldstich teilnehmen oder mehr dar\u00fcber erfahren? Dann melde dich vorg\u00e4ngig bei uns oder informiere Dich f\u00fcr weitere Infos auf: <a href=\"https:\/\/www.swissshooting.ch\/de\/wettkaempfe\/feldstich-gewehr-300m-und-pistole-25m\/\">https:\/\/www.swissshooting.ch\/de\/wettkaempfe\/feldstich-gewehr-300m-und-pistole-25m\/<\/a><\/p>\n<\/div>\n<\/div>\n<\/div>\n<\/div><\/div>\n\n\n\n<div class=\"wp-block-cover alignfull is-light has-contrast-color has-text-color has-link-color wp-elements-fde65329a0fadd5984be200c3c6ac3e7\" style=\"margin-top:0;margin-bottom:0;padding-top:var(--wp--preset--spacing--60);padding-right:var(--wp--preset--spacing--50);padding-bottom:var(--wp--preset--spacing--60);padding-left:var(--wp--preset--spacing--50)\"><span aria-hidden=\"true\" class=\"wp-block-cover__background has-base-background-color has-background-dim-100 has-background-dim\"><\/span><div class=\"wp-block-cover__inner-container has-global-padding is-layout-constrained wp-container-core-cover-is-layout-873ee6b1 wp-block-cover-is-layout-constrained\">\n<div class=\"wp-block-columns alignwide is-layout-flex wp-container-core-columns-is-layout-7ee84d44 wp-block-columns-is-layout-flex\">\n<div class=\"wp-block-column is-layout-flow wp-block-column-is-layout-flow\" style=\"flex-basis:33.34%\">\n<div class=\"wp-block-group is-vertical is-content-justification-stretch is-layout-flex wp-container-core-group-is-layout-353c4f5a wp-block-group-is-layout-flex\">\n<p class=\"is-style-text-subtitle is-style-text-subtitle--3\"><strong>Mitgliedschaft<\/strong><\/p>\n\n\n\n<p>Du m\u00f6chtest gerne Mitglied in unserem Sch\u00fctzenverein werden? Kein Problem!<\/p>\n\n\n\n<p>Lies das \u00abMerkblatt Neumitgliedschaft\u00bb durch und sende uns das vollst\u00e4ndig ausgef\u00fcllte \u00abAntragsformular Aktivmitgliedschaft\u00bb mit den geforderten Papieren zu oder bring diese an ein Probetraining mit. Der Jahresbeitrag betr\u00e4gt CHF 70.00.<\/p>\n<\/div>\n<\/div>\n\n\n\n<div class=\"wp-block-column is-layout-flow wp-block-column-is-layout-flow\" style=\"flex-basis:33.34%\">\n<div data-wp-interactive=\"core\/file\" class=\"wp-block-file\"><object data-wp-bind--hidden=\"!state.hasPdfPreview\" hidden class=\"wp-block-file__embed\" data=\"https:\/\/neu.pc-aarberg.ch\/wp-content\/uploads\/2026\/02\/Antragsformular_Aufnahmeverfahren_Aktivmitgliedschaft-1.pdf\" type=\"application\/pdf\" style=\"width:100%;height:200px\" aria-label=\"Einbettung von Antragsformular_Aufnahmeverfahren_Aktivmitgliedschaft.\"><\/object><a id=\"wp-block-file--media-7cd3e687-c3cc-4b6d-a75e-50eb6ec4050b\" href=\"https:\/\/neu.pc-aarberg.ch\/wp-content\/uploads\/2026\/02\/Antragsformular_Aufnahmeverfahren_Aktivmitgliedschaft-1.pdf\">Antragsformular_Aufnahmeverfahren_Aktivmitgliedschaft<\/a><a href=\"https:\/\/neu.pc-aarberg.ch\/wp-content\/uploads\/2026\/02\/Antragsformular_Aufnahmeverfahren_Aktivmitgliedschaft-1.pdf\" class=\"wp-block-file__button wp-element-button\" download aria-describedby=\"wp-block-file--media-7cd3e687-c3cc-4b6d-a75e-50eb6ec4050b\">Herunterladen<\/a><\/div>\n<\/div>\n\n\n\n<div class=\"wp-block-column is-layout-flow wp-block-column-is-layout-flow\" style=\"flex-basis:33.33%\">\n<div data-wp-interactive=\"core\/file\" class=\"wp-block-file\"><object data-wp-bind--hidden=\"!state.hasPdfPreview\" hidden class=\"wp-block-file__embed\" data=\"https:\/\/neu.pc-aarberg.ch\/wp-content\/uploads\/2026\/02\/Merkblatt_Neumitgliedschaft.pdf\" type=\"application\/pdf\" style=\"width:100%;height:200px\" aria-label=\"Einbettung von Merkblatt_Neumitgliedschaft.\"><\/object><a id=\"wp-block-file--media-45f00a8c-fded-4b32-aaca-a82e04d84d5b\" href=\"https:\/\/neu.pc-aarberg.ch\/wp-content\/uploads\/2026\/02\/Merkblatt_Neumitgliedschaft.pdf\">Merkblatt_Neumitgliedschaft<\/a><a href=\"https:\/\/neu.pc-aarberg.ch\/wp-content\/uploads\/2026\/02\/Merkblatt_Neumitgliedschaft.pdf\" class=\"wp-block-file__button wp-element-button\" download aria-describedby=\"wp-block-file--media-45f00a8c-fded-4b32-aaca-a82e04d84d5b\">Herunterladen<\/a><\/div>\n<\/div>\n<\/div>\n<\/div><\/div>\n","protected":false},"excerpt":{"rendered":"","protected":false},"author":1,"featured_media":0,"parent":0,"menu_order":0,"comment_status":"closed","ping_status":"closed","template":"","meta":{"footnotes":""},"class_list":["post-19","page","type-page","status-publish","hentry"],"yoast_head":"<!-- This site is optimized with the Yoast SEO plugin v27.2 - https:\/\/yoast.com\/product\/yoast-seo-wordpress\/ -->\n<title>Mitgliedschaft - Pistolenclub Aarberg<\/title>\n<meta name=\"robots\" content=\"index, follow, max-snippet:-1, max-image-preview:large, max-video-preview:-1\" \/>\n<link rel=\"canonical\" href=\"https:\/\/neu.pc-aarberg.ch\/index.php\/mitgliedschaft\/\" \/>\n<meta property=\"og:locale\" content=\"de_DE\" \/>\n<meta property=\"og:type\" content=\"article\" \/>\n<meta property=\"og:title\" content=\"Mitgliedschaft - Pistolenclub Aarberg\" \/>\n<meta property=\"og:url\" content=\"https:\/\/neu.pc-aarberg.ch\/index.php\/mitgliedschaft\/\" \/>\n<meta property=\"og:site_name\" content=\"Pistolenclub Aarberg\" \/>\n<meta property=\"article:modified_time\" content=\"2026-03-29T20:48:07+00:00\" \/>\n<meta name=\"twitter:card\" content=\"summary_large_image\" \/>\n<meta name=\"twitter:label1\" content=\"Gesch\u00e4tzte Lesezeit\" \/>\n\t<meta name=\"twitter:data1\" content=\"1\u00a0Minute\" \/>\n<script type=\"application\/ld+json\" class=\"yoast-schema-graph\">{\"@context\":\"https:\/\/schema.org\",\"@graph\":[{\"@type\":\"WebPage\",\"@id\":\"https:\/\/neu.pc-aarberg.ch\/index.php\/mitgliedschaft\/\",\"url\":\"https:\/\/neu.pc-aarberg.ch\/index.php\/mitgliedschaft\/\",\"name\":\"Mitgliedschaft - Pistolenclub Aarberg\",\"isPartOf\":{\"@id\":\"https:\/\/neu.pc-aarberg.ch\/#website\"},\"datePublished\":\"2026-01-18T21:19:15+00:00\",\"dateModified\":\"2026-03-29T20:48:07+00:00\",\"breadcrumb\":{\"@id\":\"https:\/\/neu.pc-aarberg.ch\/index.php\/mitgliedschaft\/#breadcrumb\"},\"inLanguage\":\"de\",\"potentialAction\":[{\"@type\":\"ReadAction\",\"target\":[\"https:\/\/neu.pc-aarberg.ch\/index.php\/mitgliedschaft\/\"]}]},{\"@type\":\"BreadcrumbList\",\"@id\":\"https:\/\/neu.pc-aarberg.ch\/index.php\/mitgliedschaft\/#breadcrumb\",\"itemListElement\":[{\"@type\":\"ListItem\",\"position\":1,\"name\":\"Start\",\"item\":\"https:\/\/neu.pc-aarberg.ch\/\"},{\"@type\":\"ListItem\",\"position\":2,\"name\":\"Mitgliedschaft\"}]},{\"@type\":\"WebSite\",\"@id\":\"https:\/\/neu.pc-aarberg.ch\/#website\",\"url\":\"https:\/\/neu.pc-aarberg.ch\/\",\"name\":\"Pistolenclub Aarberg\",\"description\":\"\",\"publisher\":{\"@id\":\"https:\/\/neu.pc-aarberg.ch\/#organization\"},\"potentialAction\":[{\"@type\":\"SearchAction\",\"target\":{\"@type\":\"EntryPoint\",\"urlTemplate\":\"https:\/\/neu.pc-aarberg.ch\/?s={search_term_string}\"},\"query-input\":{\"@type\":\"PropertyValueSpecification\",\"valueRequired\":true,\"valueName\":\"search_term_string\"}}],\"inLanguage\":\"de\"},{\"@type\":\"Organization\",\"@id\":\"https:\/\/neu.pc-aarberg.ch\/#organization\",\"name\":\"Pistolenclub Aarberg\",\"url\":\"https:\/\/neu.pc-aarberg.ch\/\",\"logo\":{\"@type\":\"ImageObject\",\"inLanguage\":\"de\",\"@id\":\"https:\/\/neu.pc-aarberg.ch\/#\/schema\/logo\/image\/\",\"url\":\"https:\/\/neu.pc-aarberg.ch\/wp-content\/uploads\/2026\/02\/image0-2.png\",\"contentUrl\":\"https:\/\/neu.pc-aarberg.ch\/wp-content\/uploads\/2026\/02\/image0-2.png\",\"width\":1536,\"height\":1024,\"caption\":\"Pistolenclub Aarberg\"},\"image\":{\"@id\":\"https:\/\/neu.pc-aarberg.ch\/#\/schema\/logo\/image\/\"}}]}<\/script>\n<!-- \/ Yoast SEO plugin. -->","yoast_head_json":{"title":"Mitgliedschaft - Pistolenclub Aarberg","robots":{"index":"index","follow":"follow","max-snippet":"max-snippet:-1","max-image-preview":"max-image-preview:large","max-video-preview":"max-video-preview:-1"},"canonical":"https:\/\/neu.pc-aarberg.ch\/index.php\/mitgliedschaft\/","og_locale":"de_DE","og_type":"article","og_title":"Mitgliedschaft - Pistolenclub Aarberg","og_url":"https:\/\/neu.pc-aarberg.ch\/index.php\/mitgliedschaft\/","og_site_name":"Pistolenclub Aarberg","article_modified_time":"2026-03-29T20:48:07+00:00","twitter_card":"summary_large_image","twitter_misc":{"Gesch\u00e4tzte Lesezeit":"1\u00a0Minute"},"schema":{"@context":"https:\/\/schema.org","@graph":[{"@type":"WebPage","@id":"https:\/\/neu.pc-aarberg.ch\/index.php\/mitgliedschaft\/","url":"https:\/\/neu.pc-aarberg.ch\/index.php\/mitgliedschaft\/","name":"Mitgliedschaft - Pistolenclub Aarberg","isPartOf":{"@id":"https:\/\/neu.pc-aarberg.ch\/#website"},"datePublished":"2026-01-18T21:19:15+00:00","dateModified":"2026-03-29T20:48:07+00:00","breadcrumb":{"@id":"https:\/\/neu.pc-aarberg.ch\/index.php\/mitgliedschaft\/#breadcrumb"},"inLanguage":"de","potentialAction":[{"@type":"ReadAction","target":["https:\/\/neu.pc-aarberg.ch\/index.php\/mitgliedschaft\/"]}]},{"@type":"BreadcrumbList","@id":"https:\/\/neu.pc-aarberg.ch\/index.php\/mitgliedschaft\/#breadcrumb","itemListElement":[{"@type":"ListItem","position":1,"name":"Start","item":"https:\/\/neu.pc-aarberg.ch\/"},{"@type":"ListItem","position":2,"name":"Mitgliedschaft"}]},{"@type":"WebSite","@id":"https:\/\/neu.pc-aarberg.ch\/#website","url":"https:\/\/neu.pc-aarberg.ch\/","name":"Pistolenclub Aarberg","description":"","publisher":{"@id":"https:\/\/neu.pc-aarberg.ch\/#organization"},"potentialAction":[{"@type":"SearchAction","target":{"@type":"EntryPoint","urlTemplate":"https:\/\/neu.pc-aarberg.ch\/?s={search_term_string}"},"query-input":{"@type":"PropertyValueSpecification","valueRequired":true,"valueName":"search_term_string"}}],"inLanguage":"de"},{"@type":"Organization","@id":"https:\/\/neu.pc-aarberg.ch\/#organization","name":"Pistolenclub Aarberg","url":"https:\/\/neu.pc-aarberg.ch\/","logo":{"@type":"ImageObject","inLanguage":"de","@id":"https:\/\/neu.pc-aarberg.ch\/#\/schema\/logo\/image\/","url":"https:\/\/neu.pc-aarberg.ch\/wp-content\/uploads\/2026\/02\/image0-2.png","contentUrl":"https:\/\/neu.pc-aarberg.ch\/wp-content\/uploads\/2026\/02\/image0-2.png","width":1536,"height":1024,"caption":"Pistolenclub Aarberg"},"image":{"@id":"https:\/\/neu.pc-aarberg.ch\/#\/schema\/logo\/image\/"}}]}},"_links":{"self":[{"href":"https:\/\/neu.pc-aarberg.ch\/index.php\/wp-json\/wp\/v2\/pages\/19","targetHints":{"allow":["GET"]}}],"collection":[{"href":"https:\/\/neu.pc-aarberg.ch\/index.php\/wp-json\/wp\/v2\/pages"}],"about":[{"href":"https:\/\/neu.pc-aarberg.ch\/index.php\/wp-json\/wp\/v2\/types\/page"}],"author":[{"embeddable":true,"href":"https:\/\/neu.pc-aarberg.ch\/index.php\/wp-json\/wp\/v2\/users\/1"}],"replies":[{"embeddable":true,"href":"https:\/\/neu.pc-aarberg.ch\/index.php\/wp-json\/wp\/v2\/comments?post=19"}],"version-history":[{"count":4,"href":"https:\/\/neu.pc-aarberg.ch\/index.php\/wp-json\/wp\/v2\/pages\/19\/revisions"}],"predecessor-version":[{"id":90,"href":"https:\/\/neu.pc-aarberg.ch\/index.php\/wp-json\/wp\/v2\/pages\/19\/revisions\/90"}],"wp:attachment":[{"href":"https:\/\/neu.pc-aarberg.ch\/index.php\/wp-json\/wp\/v2\/media?parent=19"}],"curies":[{"name":"wp","href":"https:\/\/api.w.org\/{rel}","templated":true}]}}