{"id":27,"date":"2026-01-18T21:32:40","date_gmt":"2026-01-18T21:32:40","guid":{"rendered":"https:\/\/neu.pc-aarberg.ch\/?page_id=27"},"modified":"2026-02-08T20:23:56","modified_gmt":"2026-02-08T20:23:56","slug":"links","status":"publish","type":"page","link":"https:\/\/neu.pc-aarberg.ch\/index.php\/links\/","title":{"rendered":"Links"},"content":{"rendered":"\n<div class=\"wp-block-cover alignfull is-light has-contrast-color has-text-color has-link-color wp-elements-dafdc2a3cf18c276230111096fc5b21f\" style=\"margin-top:0;margin-bottom:0;padding-top:var(--wp--preset--spacing--60);padding-right:var(--wp--preset--spacing--50);padding-bottom:var(--wp--preset--spacing--60);padding-left:var(--wp--preset--spacing--50)\"><span aria-hidden=\"true\" class=\"wp-block-cover__background has-base-background-color has-background-dim-100 has-background-dim\"><\/span><div class=\"wp-block-cover__inner-container has-global-padding is-layout-constrained wp-container-core-cover-is-layout-873ee6b1 wp-block-cover-is-layout-constrained\">\n<div class=\"wp-block-columns alignwide is-layout-flex wp-container-core-columns-is-layout-7ee84d44 wp-block-columns-is-layout-flex\">\n<div class=\"wp-block-column is-layout-flow wp-block-column-is-layout-flow\" style=\"flex-basis:65%\">\n<div class=\"wp-block-group is-vertical is-content-justification-stretch is-layout-flex wp-container-core-group-is-layout-353c4f5a wp-block-group-is-layout-flex\">\n<p class=\"is-style-text-subtitle has-large-font-size is-style-text-subtitle--1\"><a href=\"https:\/\/www.swissshooting.ch\/en\/news\/aktuelles\/2022\/januar\/hilfsmittelverzeichnis\/\" data-type=\"link\" data-id=\"https:\/\/www.swissshooting.ch\/en\/news\/aktuelles\/2022\/januar\/hilfsmittelverzeichnis\/\">Hilfsmittelverzeichnis mit Zulassungskriterien f\u00fcr Pistolen, die f\u00fcr die Bundes\u00fcbungen zugelassen sind<\/a><\/p>\n\n\n\n<p><a href=\"https:\/\/www.police.be.ch\/de\/start\/dienstleistungen\/online-wache\/waffen.html\" data-type=\"link\" data-id=\"https:\/\/www.police.be.ch\/de\/start\/dienstleistungen\/online-wache\/waffen.html\">Ansprechstelle f\u00fcr Bewilligungen, Best\u00e4tigungen und Meldungen zum Thema Waffen bei der Kantonspolizei Bern<\/a><\/p>\n\n\n\n<p><a href=\"https:\/\/www.asv-bueren.ch\" data-type=\"link\" data-id=\"https:\/\/www.asv-bueren.ch\">Amtssch\u00fctzenverband B\u00fcren an der Aare<\/a><\/p>\n\n\n\n<p><a href=\"https:\/\/seelandschuetzen.ch\/cms5\">Seel\u00e4ndischer Schiesssportverband<\/a><\/p>\n\n\n\n<p><a href=\"https:\/\/www.bssvbe.ch\">Berner Schiesssportverband<\/a><\/p>\n\n\n\n<p><a href=\"https:\/\/www.swissshooting.ch\/de\/\">Schweizer Schiesssportverband<\/a><\/p>\n<\/div>\n<\/div>\n\n\n\n<div class=\"wp-block-column is-layout-flow wp-block-column-is-layout-flow\" style=\"flex-basis:35%\">\n<div class=\"wp-block-group is-vertical is-content-justification-stretch is-nowrap is-layout-flex wp-container-core-group-is-layout-73b0033c wp-block-group-is-layout-flex\">\n<figure class=\"wp-block-image size-full\"><img loading=\"lazy\" decoding=\"async\" width=\"250\" height=\"429\" src=\"https:\/\/neu.pc-aarberg.ch\/wp-content\/uploads\/2026\/02\/03_Scheibe_25m_OSF.jpg\" alt=\"\" class=\"wp-image-49\" style=\"aspect-ratio:9\/16;object-fit:cover\" srcset=\"https:\/\/neu.pc-aarberg.ch\/wp-content\/uploads\/2026\/02\/03_Scheibe_25m_OSF.jpg 250w, https:\/\/neu.pc-aarberg.ch\/wp-content\/uploads\/2026\/02\/03_Scheibe_25m_OSF-175x300.jpg 175w\" sizes=\"auto, (max-width: 250px) 100vw, 250px\" \/><\/figure>\n<\/div>\n<\/div>\n<\/div>\n<\/div><\/div>\n","protected":false},"excerpt":{"rendered":"","protected":false},"author":1,"featured_media":0,"parent":0,"menu_order":0,"comment_status":"closed","ping_status":"closed","template":"","meta":{"footnotes":""},"class_list":["post-27","page","type-page","status-publish","hentry"],"yoast_head":"<!-- This site is optimized with the Yoast SEO plugin v27.2 - https:\/\/yoast.com\/product\/yoast-seo-wordpress\/ -->\n<title>Links - Pistolenclub Aarberg<\/title>\n<meta name=\"robots\" content=\"index, follow, max-snippet:-1, max-image-preview:large, max-video-preview:-1\" \/>\n<link rel=\"canonical\" href=\"https:\/\/neu.pc-aarberg.ch\/index.php\/links\/\" \/>\n<meta property=\"og:locale\" content=\"de_DE\" \/>\n<meta property=\"og:type\" content=\"article\" \/>\n<meta property=\"og:title\" content=\"Links - Pistolenclub Aarberg\" \/>\n<meta property=\"og:url\" content=\"https:\/\/neu.pc-aarberg.ch\/index.php\/links\/\" \/>\n<meta property=\"og:site_name\" content=\"Pistolenclub Aarberg\" \/>\n<meta property=\"article:modified_time\" content=\"2026-02-08T20:23:56+00:00\" \/>\n<meta property=\"og:image\" content=\"https:\/\/neu.pc-aarberg.ch\/wp-content\/uploads\/2026\/02\/03_Scheibe_25m_OSF.jpg\" \/>\n\t<meta property=\"og:image:width\" content=\"250\" \/>\n\t<meta property=\"og:image:height\" content=\"429\" \/>\n\t<meta property=\"og:image:type\" content=\"image\/jpeg\" \/>\n<meta name=\"twitter:card\" content=\"summary_large_image\" \/>\n<script type=\"application\/ld+json\" class=\"yoast-schema-graph\">{\"@context\":\"https:\/\/schema.org\",\"@graph\":[{\"@type\":\"WebPage\",\"@id\":\"https:\/\/neu.pc-aarberg.ch\/index.php\/links\/\",\"url\":\"https:\/\/neu.pc-aarberg.ch\/index.php\/links\/\",\"name\":\"Links - Pistolenclub Aarberg\",\"isPartOf\":{\"@id\":\"https:\/\/neu.pc-aarberg.ch\/#website\"},\"primaryImageOfPage\":{\"@id\":\"https:\/\/neu.pc-aarberg.ch\/index.php\/links\/#primaryimage\"},\"image\":{\"@id\":\"https:\/\/neu.pc-aarberg.ch\/index.php\/links\/#primaryimage\"},\"thumbnailUrl\":\"https:\/\/neu.pc-aarberg.ch\/wp-content\/uploads\/2026\/02\/03_Scheibe_25m_OSF.jpg\",\"datePublished\":\"2026-01-18T21:32:40+00:00\",\"dateModified\":\"2026-02-08T20:23:56+00:00\",\"breadcrumb\":{\"@id\":\"https:\/\/neu.pc-aarberg.ch\/index.php\/links\/#breadcrumb\"},\"inLanguage\":\"de\",\"potentialAction\":[{\"@type\":\"ReadAction\",\"target\":[\"https:\/\/neu.pc-aarberg.ch\/index.php\/links\/\"]}]},{\"@type\":\"ImageObject\",\"inLanguage\":\"de\",\"@id\":\"https:\/\/neu.pc-aarberg.ch\/index.php\/links\/#primaryimage\",\"url\":\"https:\/\/neu.pc-aarberg.ch\/wp-content\/uploads\/2026\/02\/03_Scheibe_25m_OSF.jpg\",\"contentUrl\":\"https:\/\/neu.pc-aarberg.ch\/wp-content\/uploads\/2026\/02\/03_Scheibe_25m_OSF.jpg\",\"width\":250,\"height\":429},{\"@type\":\"BreadcrumbList\",\"@id\":\"https:\/\/neu.pc-aarberg.ch\/index.php\/links\/#breadcrumb\",\"itemListElement\":[{\"@type\":\"ListItem\",\"position\":1,\"name\":\"Start\",\"item\":\"https:\/\/neu.pc-aarberg.ch\/\"},{\"@type\":\"ListItem\",\"position\":2,\"name\":\"Links\"}]},{\"@type\":\"WebSite\",\"@id\":\"https:\/\/neu.pc-aarberg.ch\/#website\",\"url\":\"https:\/\/neu.pc-aarberg.ch\/\",\"name\":\"Pistolenclub Aarberg\",\"description\":\"\",\"publisher\":{\"@id\":\"https:\/\/neu.pc-aarberg.ch\/#organization\"},\"potentialAction\":[{\"@type\":\"SearchAction\",\"target\":{\"@type\":\"EntryPoint\",\"urlTemplate\":\"https:\/\/neu.pc-aarberg.ch\/?s={search_term_string}\"},\"query-input\":{\"@type\":\"PropertyValueSpecification\",\"valueRequired\":true,\"valueName\":\"search_term_string\"}}],\"inLanguage\":\"de\"},{\"@type\":\"Organization\",\"@id\":\"https:\/\/neu.pc-aarberg.ch\/#organization\",\"name\":\"Pistolenclub Aarberg\",\"url\":\"https:\/\/neu.pc-aarberg.ch\/\",\"logo\":{\"@type\":\"ImageObject\",\"inLanguage\":\"de\",\"@id\":\"https:\/\/neu.pc-aarberg.ch\/#\/schema\/logo\/image\/\",\"url\":\"https:\/\/neu.pc-aarberg.ch\/wp-content\/uploads\/2026\/02\/image0-2.png\",\"contentUrl\":\"https:\/\/neu.pc-aarberg.ch\/wp-content\/uploads\/2026\/02\/image0-2.png\",\"width\":1536,\"height\":1024,\"caption\":\"Pistolenclub Aarberg\"},\"image\":{\"@id\":\"https:\/\/neu.pc-aarberg.ch\/#\/schema\/logo\/image\/\"}}]}<\/script>\n<!-- \/ Yoast SEO plugin. -->","yoast_head_json":{"title":"Links - Pistolenclub Aarberg","robots":{"index":"index","follow":"follow","max-snippet":"max-snippet:-1","max-image-preview":"max-image-preview:large","max-video-preview":"max-video-preview:-1"},"canonical":"https:\/\/neu.pc-aarberg.ch\/index.php\/links\/","og_locale":"de_DE","og_type":"article","og_title":"Links - Pistolenclub Aarberg","og_url":"https:\/\/neu.pc-aarberg.ch\/index.php\/links\/","og_site_name":"Pistolenclub Aarberg","article_modified_time":"2026-02-08T20:23:56+00:00","og_image":[{"width":250,"height":429,"url":"https:\/\/neu.pc-aarberg.ch\/wp-content\/uploads\/2026\/02\/03_Scheibe_25m_OSF.jpg","type":"image\/jpeg"}],"twitter_card":"summary_large_image","schema":{"@context":"https:\/\/schema.org","@graph":[{"@type":"WebPage","@id":"https:\/\/neu.pc-aarberg.ch\/index.php\/links\/","url":"https:\/\/neu.pc-aarberg.ch\/index.php\/links\/","name":"Links - Pistolenclub Aarberg","isPartOf":{"@id":"https:\/\/neu.pc-aarberg.ch\/#website"},"primaryImageOfPage":{"@id":"https:\/\/neu.pc-aarberg.ch\/index.php\/links\/#primaryimage"},"image":{"@id":"https:\/\/neu.pc-aarberg.ch\/index.php\/links\/#primaryimage"},"thumbnailUrl":"https:\/\/neu.pc-aarberg.ch\/wp-content\/uploads\/2026\/02\/03_Scheibe_25m_OSF.jpg","datePublished":"2026-01-18T21:32:40+00:00","dateModified":"2026-02-08T20:23:56+00:00","breadcrumb":{"@id":"https:\/\/neu.pc-aarberg.ch\/index.php\/links\/#breadcrumb"},"inLanguage":"de","potentialAction":[{"@type":"ReadAction","target":["https:\/\/neu.pc-aarberg.ch\/index.php\/links\/"]}]},{"@type":"ImageObject","inLanguage":"de","@id":"https:\/\/neu.pc-aarberg.ch\/index.php\/links\/#primaryimage","url":"https:\/\/neu.pc-aarberg.ch\/wp-content\/uploads\/2026\/02\/03_Scheibe_25m_OSF.jpg","contentUrl":"https:\/\/neu.pc-aarberg.ch\/wp-content\/uploads\/2026\/02\/03_Scheibe_25m_OSF.jpg","width":250,"height":429},{"@type":"BreadcrumbList","@id":"https:\/\/neu.pc-aarberg.ch\/index.php\/links\/#breadcrumb","itemListElement":[{"@type":"ListItem","position":1,"name":"Start","item":"https:\/\/neu.pc-aarberg.ch\/"},{"@type":"ListItem","position":2,"name":"Links"}]},{"@type":"WebSite","@id":"https:\/\/neu.pc-aarberg.ch\/#website","url":"https:\/\/neu.pc-aarberg.ch\/","name":"Pistolenclub Aarberg","description":"","publisher":{"@id":"https:\/\/neu.pc-aarberg.ch\/#organization"},"potentialAction":[{"@type":"SearchAction","target":{"@type":"EntryPoint","urlTemplate":"https:\/\/neu.pc-aarberg.ch\/?s={search_term_string}"},"query-input":{"@type":"PropertyValueSpecification","valueRequired":true,"valueName":"search_term_string"}}],"inLanguage":"de"},{"@type":"Organization","@id":"https:\/\/neu.pc-aarberg.ch\/#organization","name":"Pistolenclub Aarberg","url":"https:\/\/neu.pc-aarberg.ch\/","logo":{"@type":"ImageObject","inLanguage":"de","@id":"https:\/\/neu.pc-aarberg.ch\/#\/schema\/logo\/image\/","url":"https:\/\/neu.pc-aarberg.ch\/wp-content\/uploads\/2026\/02\/image0-2.png","contentUrl":"https:\/\/neu.pc-aarberg.ch\/wp-content\/uploads\/2026\/02\/image0-2.png","width":1536,"height":1024,"caption":"Pistolenclub Aarberg"},"image":{"@id":"https:\/\/neu.pc-aarberg.ch\/#\/schema\/logo\/image\/"}}]}},"_links":{"self":[{"href":"https:\/\/neu.pc-aarberg.ch\/index.php\/wp-json\/wp\/v2\/pages\/27","targetHints":{"allow":["GET"]}}],"collection":[{"href":"https:\/\/neu.pc-aarberg.ch\/index.php\/wp-json\/wp\/v2\/pages"}],"about":[{"href":"https:\/\/neu.pc-aarberg.ch\/index.php\/wp-json\/wp\/v2\/types\/page"}],"author":[{"embeddable":true,"href":"https:\/\/neu.pc-aarberg.ch\/index.php\/wp-json\/wp\/v2\/users\/1"}],"replies":[{"embeddable":true,"href":"https:\/\/neu.pc-aarberg.ch\/index.php\/wp-json\/wp\/v2\/comments?post=27"}],"version-history":[{"count":2,"href":"https:\/\/neu.pc-aarberg.ch\/index.php\/wp-json\/wp\/v2\/pages\/27\/revisions"}],"predecessor-version":[{"id":50,"href":"https:\/\/neu.pc-aarberg.ch\/index.php\/wp-json\/wp\/v2\/pages\/27\/revisions\/50"}],"wp:attachment":[{"href":"https:\/\/neu.pc-aarberg.ch\/index.php\/wp-json\/wp\/v2\/media?parent=27"}],"curies":[{"name":"wp","href":"https:\/\/api.w.org\/{rel}","templated":true}]}}