{"id":56,"date":"2026-02-08T20:41:33","date_gmt":"2026-02-08T20:41:33","guid":{"rendered":"https:\/\/neu.pc-aarberg.ch\/?page_id=56"},"modified":"2026-02-08T20:41:33","modified_gmt":"2026-02-08T20:41:33","slug":"aktuelles","status":"publish","type":"page","link":"https:\/\/neu.pc-aarberg.ch\/index.php\/aktuelles\/","title":{"rendered":"Aktuelles"},"content":{"rendered":"\n<div class=\"wp-block-cover alignfull is-light has-contrast-color has-text-color has-link-color wp-elements-644186548381315de2b4fa0a9a4822d7\" style=\"margin-top:0;margin-bottom:0;padding-top:var(--wp--preset--spacing--60);padding-right:var(--wp--preset--spacing--50);padding-bottom:var(--wp--preset--spacing--60);padding-left:var(--wp--preset--spacing--50)\"><span aria-hidden=\"true\" class=\"wp-block-cover__background has-base-background-color has-background-dim-100 has-background-dim\"><\/span><div class=\"wp-block-cover__inner-container has-global-padding is-layout-constrained wp-container-core-cover-is-layout-873ee6b1 wp-block-cover-is-layout-constrained\">\n<div class=\"wp-block-columns alignwide is-layout-flex wp-container-core-columns-is-layout-7ee84d44 wp-block-columns-is-layout-flex\">\n<div class=\"wp-block-column is-layout-flow wp-block-column-is-layout-flow\" style=\"flex-basis:65%\">\n<div class=\"wp-block-group is-vertical is-content-justification-stretch is-layout-flex wp-container-core-group-is-layout-353c4f5a wp-block-group-is-layout-flex\">\n<p class=\"is-style-text-subtitle is-style-text-subtitle--1\"><strong>Einladung zur Hauptversammlung 2026<br><\/strong><\/p>\n\n\n\n<p class=\"is-style-text-subtitle is-style-text-subtitle--2\">Gesch\u00e4tzte Sch\u00fctzenkameraden:innen<\/p>\n\n\n\n<p class=\"is-style-text-subtitle is-style-text-subtitle--3\">Wir m\u00f6chten es nicht vers\u00e4umen, euch allen f\u00fcr das bereits laufende Jahr alles Gute und vor allem gute Gesundheit zu w\u00fcnschen.<\/p>\n\n\n\n<p class=\"is-style-text-subtitle is-style-text-subtitle--4\">Das neue Jahr haben wir mit dem B\u00e4rzelistagschiessen am 02. Januar 2026 \u00abeingel\u00e4utet\u00bb, welches von 18 Sch\u00fctzen besucht wurde. Der Start der Schiesssaison ist f\u00fcr den 01. April 2026 (kein Scherz) vorgesehen.<\/p>\n\n\n\n<p class=\"is-style-text-subtitle is-style-text-subtitle--5\">Wir m\u00f6chten daher die Gelegenheit nutzen, euch zur Hauptversammlung 2026 einzuladen.<br><\/p>\n\n\n\n<p class=\"is-style-text-subtitle is-style-text-subtitle--6\"><strong>Datum \/ Zeit:<\/strong> Freitag, 20. Februar 2026 \/ 19:30 Uhr<\/p>\n\n\n\n<p class=\"is-style-text-subtitle is-style-text-subtitle--7\"><strong>Ort:<\/strong> Hotel-Restaurant Krone, Guisan-Stube, Stadtplatz 29, 3270 Aarberg<\/p>\n\n\n\n<p class=\"is-style-text-subtitle is-style-text-subtitle--8\"><\/p>\n<\/div>\n<\/div>\n\n\n\n<div class=\"wp-block-column is-layout-flow wp-block-column-is-layout-flow\" style=\"flex-basis:35%\">\n<div class=\"wp-block-group is-vertical is-content-justification-stretch is-nowrap is-layout-flex wp-container-core-group-is-layout-73b0033c wp-block-group-is-layout-flex\">\n<figure class=\"wp-block-image size-full\"><img loading=\"lazy\" decoding=\"async\" width=\"508\" height=\"1050\" src=\"https:\/\/neu.pc-aarberg.ch\/wp-content\/uploads\/2026\/02\/Krone-Aarberg.jpg\" alt=\"\" class=\"wp-image-57\" style=\"aspect-ratio:9\/16;object-fit:cover\" srcset=\"https:\/\/neu.pc-aarberg.ch\/wp-content\/uploads\/2026\/02\/Krone-Aarberg.jpg 508w, https:\/\/neu.pc-aarberg.ch\/wp-content\/uploads\/2026\/02\/Krone-Aarberg-145x300.jpg 145w, https:\/\/neu.pc-aarberg.ch\/wp-content\/uploads\/2026\/02\/Krone-Aarberg-495x1024.jpg 495w\" sizes=\"auto, (max-width: 508px) 100vw, 508px\" \/><\/figure>\n<\/div>\n<\/div>\n<\/div>\n<\/div><\/div>\n","protected":false},"excerpt":{"rendered":"","protected":false},"author":1,"featured_media":0,"parent":0,"menu_order":0,"comment_status":"closed","ping_status":"closed","template":"","meta":{"footnotes":""},"class_list":["post-56","page","type-page","status-publish","hentry"],"yoast_head":"<!-- This site is optimized with the Yoast SEO plugin v27.2 - https:\/\/yoast.com\/product\/yoast-seo-wordpress\/ -->\n<title>Aktuelles - Pistolenclub Aarberg<\/title>\n<meta name=\"robots\" content=\"index, follow, max-snippet:-1, max-image-preview:large, max-video-preview:-1\" \/>\n<link rel=\"canonical\" href=\"https:\/\/neu.pc-aarberg.ch\/index.php\/aktuelles\/\" \/>\n<meta property=\"og:locale\" content=\"de_DE\" \/>\n<meta property=\"og:type\" content=\"article\" \/>\n<meta property=\"og:title\" content=\"Aktuelles - Pistolenclub Aarberg\" \/>\n<meta property=\"og:url\" content=\"https:\/\/neu.pc-aarberg.ch\/index.php\/aktuelles\/\" \/>\n<meta property=\"og:site_name\" content=\"Pistolenclub Aarberg\" \/>\n<meta property=\"og:image\" content=\"https:\/\/neu.pc-aarberg.ch\/wp-content\/uploads\/2026\/02\/Krone-Aarberg.jpg\" \/>\n\t<meta property=\"og:image:width\" content=\"508\" \/>\n\t<meta property=\"og:image:height\" content=\"1050\" \/>\n\t<meta property=\"og:image:type\" content=\"image\/jpeg\" \/>\n<meta name=\"twitter:card\" content=\"summary_large_image\" \/>\n<script type=\"application\/ld+json\" class=\"yoast-schema-graph\">{\"@context\":\"https:\/\/schema.org\",\"@graph\":[{\"@type\":\"WebPage\",\"@id\":\"https:\/\/neu.pc-aarberg.ch\/index.php\/aktuelles\/\",\"url\":\"https:\/\/neu.pc-aarberg.ch\/index.php\/aktuelles\/\",\"name\":\"Aktuelles - Pistolenclub Aarberg\",\"isPartOf\":{\"@id\":\"https:\/\/neu.pc-aarberg.ch\/#website\"},\"primaryImageOfPage\":{\"@id\":\"https:\/\/neu.pc-aarberg.ch\/index.php\/aktuelles\/#primaryimage\"},\"image\":{\"@id\":\"https:\/\/neu.pc-aarberg.ch\/index.php\/aktuelles\/#primaryimage\"},\"thumbnailUrl\":\"https:\/\/neu.pc-aarberg.ch\/wp-content\/uploads\/2026\/02\/Krone-Aarberg.jpg\",\"datePublished\":\"2026-02-08T20:41:33+00:00\",\"breadcrumb\":{\"@id\":\"https:\/\/neu.pc-aarberg.ch\/index.php\/aktuelles\/#breadcrumb\"},\"inLanguage\":\"de\",\"potentialAction\":[{\"@type\":\"ReadAction\",\"target\":[\"https:\/\/neu.pc-aarberg.ch\/index.php\/aktuelles\/\"]}]},{\"@type\":\"ImageObject\",\"inLanguage\":\"de\",\"@id\":\"https:\/\/neu.pc-aarberg.ch\/index.php\/aktuelles\/#primaryimage\",\"url\":\"https:\/\/neu.pc-aarberg.ch\/wp-content\/uploads\/2026\/02\/Krone-Aarberg.jpg\",\"contentUrl\":\"https:\/\/neu.pc-aarberg.ch\/wp-content\/uploads\/2026\/02\/Krone-Aarberg.jpg\",\"width\":508,\"height\":1050},{\"@type\":\"BreadcrumbList\",\"@id\":\"https:\/\/neu.pc-aarberg.ch\/index.php\/aktuelles\/#breadcrumb\",\"itemListElement\":[{\"@type\":\"ListItem\",\"position\":1,\"name\":\"Start\",\"item\":\"https:\/\/neu.pc-aarberg.ch\/\"},{\"@type\":\"ListItem\",\"position\":2,\"name\":\"Aktuelles\"}]},{\"@type\":\"WebSite\",\"@id\":\"https:\/\/neu.pc-aarberg.ch\/#website\",\"url\":\"https:\/\/neu.pc-aarberg.ch\/\",\"name\":\"Pistolenclub Aarberg\",\"description\":\"\",\"publisher\":{\"@id\":\"https:\/\/neu.pc-aarberg.ch\/#organization\"},\"potentialAction\":[{\"@type\":\"SearchAction\",\"target\":{\"@type\":\"EntryPoint\",\"urlTemplate\":\"https:\/\/neu.pc-aarberg.ch\/?s={search_term_string}\"},\"query-input\":{\"@type\":\"PropertyValueSpecification\",\"valueRequired\":true,\"valueName\":\"search_term_string\"}}],\"inLanguage\":\"de\"},{\"@type\":\"Organization\",\"@id\":\"https:\/\/neu.pc-aarberg.ch\/#organization\",\"name\":\"Pistolenclub Aarberg\",\"url\":\"https:\/\/neu.pc-aarberg.ch\/\",\"logo\":{\"@type\":\"ImageObject\",\"inLanguage\":\"de\",\"@id\":\"https:\/\/neu.pc-aarberg.ch\/#\/schema\/logo\/image\/\",\"url\":\"https:\/\/neu.pc-aarberg.ch\/wp-content\/uploads\/2026\/02\/image0-2.png\",\"contentUrl\":\"https:\/\/neu.pc-aarberg.ch\/wp-content\/uploads\/2026\/02\/image0-2.png\",\"width\":1536,\"height\":1024,\"caption\":\"Pistolenclub Aarberg\"},\"image\":{\"@id\":\"https:\/\/neu.pc-aarberg.ch\/#\/schema\/logo\/image\/\"}}]}<\/script>\n<!-- \/ Yoast SEO plugin. -->","yoast_head_json":{"title":"Aktuelles - Pistolenclub Aarberg","robots":{"index":"index","follow":"follow","max-snippet":"max-snippet:-1","max-image-preview":"max-image-preview:large","max-video-preview":"max-video-preview:-1"},"canonical":"https:\/\/neu.pc-aarberg.ch\/index.php\/aktuelles\/","og_locale":"de_DE","og_type":"article","og_title":"Aktuelles - Pistolenclub Aarberg","og_url":"https:\/\/neu.pc-aarberg.ch\/index.php\/aktuelles\/","og_site_name":"Pistolenclub Aarberg","og_image":[{"width":508,"height":1050,"url":"https:\/\/neu.pc-aarberg.ch\/wp-content\/uploads\/2026\/02\/Krone-Aarberg.jpg","type":"image\/jpeg"}],"twitter_card":"summary_large_image","schema":{"@context":"https:\/\/schema.org","@graph":[{"@type":"WebPage","@id":"https:\/\/neu.pc-aarberg.ch\/index.php\/aktuelles\/","url":"https:\/\/neu.pc-aarberg.ch\/index.php\/aktuelles\/","name":"Aktuelles - Pistolenclub Aarberg","isPartOf":{"@id":"https:\/\/neu.pc-aarberg.ch\/#website"},"primaryImageOfPage":{"@id":"https:\/\/neu.pc-aarberg.ch\/index.php\/aktuelles\/#primaryimage"},"image":{"@id":"https:\/\/neu.pc-aarberg.ch\/index.php\/aktuelles\/#primaryimage"},"thumbnailUrl":"https:\/\/neu.pc-aarberg.ch\/wp-content\/uploads\/2026\/02\/Krone-Aarberg.jpg","datePublished":"2026-02-08T20:41:33+00:00","breadcrumb":{"@id":"https:\/\/neu.pc-aarberg.ch\/index.php\/aktuelles\/#breadcrumb"},"inLanguage":"de","potentialAction":[{"@type":"ReadAction","target":["https:\/\/neu.pc-aarberg.ch\/index.php\/aktuelles\/"]}]},{"@type":"ImageObject","inLanguage":"de","@id":"https:\/\/neu.pc-aarberg.ch\/index.php\/aktuelles\/#primaryimage","url":"https:\/\/neu.pc-aarberg.ch\/wp-content\/uploads\/2026\/02\/Krone-Aarberg.jpg","contentUrl":"https:\/\/neu.pc-aarberg.ch\/wp-content\/uploads\/2026\/02\/Krone-Aarberg.jpg","width":508,"height":1050},{"@type":"BreadcrumbList","@id":"https:\/\/neu.pc-aarberg.ch\/index.php\/aktuelles\/#breadcrumb","itemListElement":[{"@type":"ListItem","position":1,"name":"Start","item":"https:\/\/neu.pc-aarberg.ch\/"},{"@type":"ListItem","position":2,"name":"Aktuelles"}]},{"@type":"WebSite","@id":"https:\/\/neu.pc-aarberg.ch\/#website","url":"https:\/\/neu.pc-aarberg.ch\/","name":"Pistolenclub Aarberg","description":"","publisher":{"@id":"https:\/\/neu.pc-aarberg.ch\/#organization"},"potentialAction":[{"@type":"SearchAction","target":{"@type":"EntryPoint","urlTemplate":"https:\/\/neu.pc-aarberg.ch\/?s={search_term_string}"},"query-input":{"@type":"PropertyValueSpecification","valueRequired":true,"valueName":"search_term_string"}}],"inLanguage":"de"},{"@type":"Organization","@id":"https:\/\/neu.pc-aarberg.ch\/#organization","name":"Pistolenclub Aarberg","url":"https:\/\/neu.pc-aarberg.ch\/","logo":{"@type":"ImageObject","inLanguage":"de","@id":"https:\/\/neu.pc-aarberg.ch\/#\/schema\/logo\/image\/","url":"https:\/\/neu.pc-aarberg.ch\/wp-content\/uploads\/2026\/02\/image0-2.png","contentUrl":"https:\/\/neu.pc-aarberg.ch\/wp-content\/uploads\/2026\/02\/image0-2.png","width":1536,"height":1024,"caption":"Pistolenclub Aarberg"},"image":{"@id":"https:\/\/neu.pc-aarberg.ch\/#\/schema\/logo\/image\/"}}]}},"_links":{"self":[{"href":"https:\/\/neu.pc-aarberg.ch\/index.php\/wp-json\/wp\/v2\/pages\/56","targetHints":{"allow":["GET"]}}],"collection":[{"href":"https:\/\/neu.pc-aarberg.ch\/index.php\/wp-json\/wp\/v2\/pages"}],"about":[{"href":"https:\/\/neu.pc-aarberg.ch\/index.php\/wp-json\/wp\/v2\/types\/page"}],"author":[{"embeddable":true,"href":"https:\/\/neu.pc-aarberg.ch\/index.php\/wp-json\/wp\/v2\/users\/1"}],"replies":[{"embeddable":true,"href":"https:\/\/neu.pc-aarberg.ch\/index.php\/wp-json\/wp\/v2\/comments?post=56"}],"version-history":[{"count":1,"href":"https:\/\/neu.pc-aarberg.ch\/index.php\/wp-json\/wp\/v2\/pages\/56\/revisions"}],"predecessor-version":[{"id":58,"href":"https:\/\/neu.pc-aarberg.ch\/index.php\/wp-json\/wp\/v2\/pages\/56\/revisions\/58"}],"wp:attachment":[{"href":"https:\/\/neu.pc-aarberg.ch\/index.php\/wp-json\/wp\/v2\/media?parent=56"}],"curies":[{"name":"wp","href":"https:\/\/api.w.org\/{rel}","templated":true}]}}