{"id":7,"date":"2026-01-18T20:45:26","date_gmt":"2026-01-18T20:45:26","guid":{"rendered":"https:\/\/neu.pc-aarberg.ch\/?page_id=7"},"modified":"2026-03-29T21:07:52","modified_gmt":"2026-03-29T21:07:52","slug":"pistolenclub-aarberg","status":"publish","type":"page","link":"https:\/\/neu.pc-aarberg.ch\/","title":{"rendered":""},"content":{"rendered":"\n<div class=\"wp-block-group alignfull has-global-padding is-layout-constrained wp-container-core-group-is-layout-0c9c989a wp-block-group-is-layout-constrained\" style=\"min-height:0vh;margin-top:0;margin-bottom:0;padding-top:var(--wp--preset--spacing--70);padding-right:var(--wp--preset--spacing--40);padding-bottom:var(--wp--preset--spacing--70);padding-left:var(--wp--preset--spacing--40)\">\n<div class=\"wp-block-group has-global-padding is-layout-constrained wp-container-core-group-is-layout-346627ba wp-block-group-is-layout-constrained\">\n<h2 class=\"wp-block-heading has-text-align-center has-xx-large-font-size\" style=\"margin-right:0;margin-left:0;padding-right:0;padding-left:0\">Pistolenclub Aarberg<br>Willkommen!<\/h2>\n\n\n\n<p class=\"has-text-align-center\">Hier findest Du alle wichtigen Informationen zum Schiessbetrieb, zur Mitgliedschaft und zum Verein Pistolenclub Aarberg selbst.<\/p>\n\n\n\n<div class=\"wp-block-buttons is-content-justification-center is-layout-flex wp-container-core-buttons-is-layout-a89b3969 wp-block-buttons-is-layout-flex\">\n<div class=\"wp-block-button\"><a class=\"wp-block-button__link wp-element-button\" href=\"https:\/\/neu.pc-aarberg.ch\/index.php\/aktuelles\/\">Aktuelles<\/a><\/div>\n<\/div>\n<\/div>\n<\/div>\n\n\n\n<div class=\"wp-block-group alignfull is-style-section-1 has-global-padding is-layout-constrained wp-block-group-is-layout-constrained is-style-section-1--1\" style=\"margin-top:0;margin-bottom:0;padding-top:var(--wp--preset--spacing--80);padding-bottom:var(--wp--preset--spacing--80)\">\n<div class=\"wp-block-columns alignwide is-layout-flex wp-container-core-columns-is-layout-66fad18a wp-block-columns-is-layout-flex\">\n<div class=\"wp-block-column is-layout-flow wp-block-column-is-layout-flow\" style=\"padding-right:var(--wp--preset--spacing--50);flex-basis:45%\">\n<figure class=\"wp-block-image size-full\"><img loading=\"lazy\" decoding=\"async\" width=\"1473\" height=\"740\" src=\"https:\/\/neu.pc-aarberg.ch\/wp-content\/uploads\/2026\/02\/PC-Website_01-2.jpg\" alt=\"\" class=\"wp-image-42\" srcset=\"https:\/\/neu.pc-aarberg.ch\/wp-content\/uploads\/2026\/02\/PC-Website_01-2.jpg 1473w, https:\/\/neu.pc-aarberg.ch\/wp-content\/uploads\/2026\/02\/PC-Website_01-2-300x151.jpg 300w, https:\/\/neu.pc-aarberg.ch\/wp-content\/uploads\/2026\/02\/PC-Website_01-2-1024x514.jpg 1024w, https:\/\/neu.pc-aarberg.ch\/wp-content\/uploads\/2026\/02\/PC-Website_01-2-768x386.jpg 768w\" sizes=\"auto, (max-width: 1473px) 100vw, 1473px\" \/><\/figure>\n\n\n\n<div class=\"wp-block-group has-global-padding is-layout-constrained wp-block-group-is-layout-constrained\" style=\"margin-top:-12vw\"><\/div>\n<\/div>\n\n\n\n<div class=\"wp-block-column is-vertically-aligned-center is-layout-flow wp-block-column-is-layout-flow\" style=\"padding-right:0;padding-left:0;flex-basis:50%\">\n<div class=\"wp-block-group is-vertical is-layout-flex wp-container-core-group-is-layout-fe9cc265 wp-block-group-is-layout-flex\">\n<h2 class=\"wp-block-heading is-style-text-annotation is-style-text-annotation--2\"><a href=\"https:\/\/neu.pc-aarberg.ch\/index.php\/ueber-uns\/\" data-type=\"page\" data-id=\"21\">\u00dcber uns<\/a><\/h2>\n<\/div>\n\n\n\n<p class=\"is-style-text-subtitle has-medium-font-size is-style-text-subtitle--3\">Der Pistolenclub Aarberg wurde 1908 gegr\u00fcndet. Es handelt sich um einen politisch und konfessionell neutralen, unabh\u00e4ngigen Verein und z\u00e4hlt aktuell rund 60 Mitglieder. <\/p>\n\n\n\n<p class=\"is-style-text-subtitle has-medium-font-size is-style-text-subtitle--4\">Hier findest du eine \u00dcbersicht der Vereinsfunktion\u00e4re, die Vereinsstatuten sowie die Gesch\u00e4fts- und Zust\u00e4ndigkeitsordnung.<\/p>\n\n\n\n<p class=\"is-style-text-subtitle has-medium-font-size is-style-text-subtitle--5\">Unsere Kontaktdaten sowie unsere Zahlungsverbindung findest Du unter Impressum.<\/p>\n<\/div>\n<\/div>\n<\/div>\n\n\n\n<div class=\"wp-block-group alignfull has-global-padding is-layout-constrained wp-container-core-group-is-layout-ebee8dc1 wp-block-group-is-layout-constrained\" style=\"margin-top:0;margin-bottom:0;padding-top:var(--wp--preset--spacing--50);padding-bottom:var(--wp--preset--spacing--50)\">\n<h2 class=\"wp-block-heading alignwide\">Die wichtigsten Informationen<\/h2>\n\n\n\n<div class=\"wp-block-columns alignwide is-layout-flex wp-container-core-columns-is-layout-28f84493 wp-block-columns-is-layout-flex\">\n<div class=\"wp-block-column is-layout-flow wp-block-column-is-layout-flow\">\n<figure class=\"wp-block-image size-full\" style=\"margin-bottom:24px\"><img loading=\"lazy\" decoding=\"async\" width=\"551\" height=\"418\" src=\"https:\/\/neu.pc-aarberg.ch\/wp-content\/uploads\/2026\/02\/Schiessbetrieb.jpg\" alt=\"\" class=\"wp-image-43\" style=\"aspect-ratio:4\/3;object-fit:cover\" srcset=\"https:\/\/neu.pc-aarberg.ch\/wp-content\/uploads\/2026\/02\/Schiessbetrieb.jpg 551w, https:\/\/neu.pc-aarberg.ch\/wp-content\/uploads\/2026\/02\/Schiessbetrieb-300x228.jpg 300w\" sizes=\"auto, (max-width: 551px) 100vw, 551px\" \/><\/figure>\n\n\n\n<h3 class=\"wp-block-heading\"><a href=\"https:\/\/neu.pc-aarberg.ch\/index.php\/schiessbetrieb\/\" data-type=\"page\" data-id=\"16\">Schiessbetrieb<\/a><\/h3>\n\n\n\n<p class=\"has-medium-font-size\">Alle Angaben und Daten zum freien Training, Events wie das Felschiessen und Ferien.<\/p>\n<\/div>\n\n\n\n<div class=\"wp-block-column is-layout-flow wp-block-column-is-layout-flow\">\n<figure class=\"wp-block-image size-full\" style=\"margin-bottom:24px\"><img loading=\"lazy\" decoding=\"async\" width=\"600\" height=\"445\" src=\"https:\/\/neu.pc-aarberg.ch\/wp-content\/uploads\/2026\/02\/Mitgliedschaft2-1.jpg\" alt=\"\" class=\"wp-image-45\" style=\"aspect-ratio:4\/3;object-fit:cover\" srcset=\"https:\/\/neu.pc-aarberg.ch\/wp-content\/uploads\/2026\/02\/Mitgliedschaft2-1.jpg 600w, https:\/\/neu.pc-aarberg.ch\/wp-content\/uploads\/2026\/02\/Mitgliedschaft2-1-300x223.jpg 300w\" sizes=\"auto, (max-width: 600px) 100vw, 600px\" \/><\/figure>\n\n\n\n<h3 class=\"wp-block-heading\"><a href=\"https:\/\/neu.pc-aarberg.ch\/index.php\/mitgliedschaft\/\" data-type=\"page\" data-id=\"19\">Mitgliedschaft<\/a><\/h3>\n\n\n\n<p class=\"has-medium-font-size\">Informationen zum Probetraining,  Feldstich und Antrag zur Mitgliedschaft.<\/p>\n<\/div>\n\n\n\n<div class=\"wp-block-column is-layout-flow wp-block-column-is-layout-flow\">\n<figure class=\"wp-block-image size-full\" style=\"margin-bottom:24px\"><img loading=\"lazy\" decoding=\"async\" width=\"600\" height=\"454\" src=\"https:\/\/neu.pc-aarberg.ch\/wp-content\/uploads\/2026\/02\/Bild_Links.jpg\" alt=\"\" class=\"wp-image-46\" style=\"aspect-ratio:4\/3;object-fit:cover\" srcset=\"https:\/\/neu.pc-aarberg.ch\/wp-content\/uploads\/2026\/02\/Bild_Links.jpg 600w, https:\/\/neu.pc-aarberg.ch\/wp-content\/uploads\/2026\/02\/Bild_Links-300x227.jpg 300w\" sizes=\"auto, (max-width: 600px) 100vw, 600px\" \/><\/figure>\n\n\n\n<h3 class=\"wp-block-heading\"><a href=\"https:\/\/neu.pc-aarberg.ch\/index.php\/links\/\" data-type=\"page\" data-id=\"27\">Links<\/a><\/h3>\n\n\n\n<p class=\"has-medium-font-size\">Wichtige Informationen wie das Hilfsmittelverzeichnis sowie Angaben zu Partnerverb\u00e4nden und -organisationen.<\/p>\n<\/div>\n<\/div>\n<\/div>\n\n\n\n<aside class=\"wp-block-group alignfull is-style-section-3 has-global-padding is-layout-constrained wp-container-core-group-is-layout-f0f2a97b wp-block-group-is-layout-constrained is-style-section-3--6\" style=\"margin-top:0;margin-bottom:0;padding-top:var(--wp--preset--spacing--50);padding-right:var(--wp--preset--spacing--50);padding-bottom:var(--wp--preset--spacing--50);padding-left:var(--wp--preset--spacing--50)\">\n<div class=\"wp-block-group is-vertical is-content-justification-center is-layout-flex wp-container-core-group-is-layout-8778ca4a wp-block-group-is-layout-flex\" style=\"min-height:360px;margin-top:0;margin-bottom:0\">\n<h2 class=\"wp-block-heading has-text-align-center has-x-large-font-size\"><strong>Werde Mitglied der WhatsApp-Gruppe<\/strong><\/h2>\n\n\n\n<p class=\"has-text-align-center is-style-text-subtitle has-large-font-size is-style-text-subtitle--7\">Alle wichtigen kurzfristigen Terminanpassungen werden \u00fcber die WhatsApp-Gruppe des Vereins kommuniziert. Wenn Du auf &#8222;Anmelden&#8220; klickst, sendest Du eine E-Mail an den Verein. Bitte Name und Telefonnummer angeben, so dass Du nach einer kurzen Pr\u00fcfung Mitglied der WhatsApp-Gruppe wirst.<\/p>\n\n\n\n<div style=\"height:0px\" aria-hidden=\"true\" class=\"wp-block-spacer wp-container-content-62aae154\"><\/div>\n\n\n\n<div class=\"wp-block-buttons is-content-justification-center is-layout-flex wp-container-core-buttons-is-layout-a89b3969 wp-block-buttons-is-layout-flex\">\n<div class=\"wp-block-button\"><a class=\"wp-block-button__link has-text-align-center wp-element-button\" href=\"mailto:info@pc-aarberg.ch\">Anmelden<\/a><\/div>\n<\/div>\n<\/div>\n<\/aside>\n\n\n\n<div class=\"wp-block-buttons is-content-justification-center is-layout-flex wp-container-core-buttons-is-layout-a89b3969 wp-block-buttons-is-layout-flex\">\n<div class=\"wp-block-button\"><a class=\"wp-block-button__link wp-element-button\" href=\"https:\/\/neu.pc-aarberg.ch\/index.php\/intern\/\">Interner Bereich<\/a><\/div>\n<\/div>\n\n\n\n<div class=\"wp-block-group is-vertical is-layout-flex wp-container-core-group-is-layout-fe9cc265 wp-block-group-is-layout-flex\">\n<p><a href=\"https:\/\/neu.pc-aarberg.ch\/index.php\/impressum\/\" data-type=\"page\" data-id=\"33\">Impressum<\/a><\/p>\n\n\n\n<p><a href=\"https:\/\/neu.pc-aarberg.ch\/index.php\/privacy-policy\/\" data-type=\"page\" data-id=\"3\">Datenschutz<\/a><\/p>\n<\/div>\n\n\n\n<p><\/p>\n","protected":false},"excerpt":{"rendered":"<p>Pistolenclub AarbergWillkommen! Hier findest Du alle wichtigen Informationen zum Schiessbetrieb, zur Mitgliedschaft und zum Verein Pistolenclub Aarberg selbst. \u00dcber uns Der Pistolenclub Aarberg wurde 1908 gegr\u00fcndet. Es handelt sich um einen politisch und konfessionell neutralen, unabh\u00e4ngigen Verein und z\u00e4hlt aktuell rund 60 Mitglieder. Hier findest du eine \u00dcbersicht der Vereinsfunktion\u00e4re, die Vereinsstatuten sowie die Gesch\u00e4fts- [&hellip;]<\/p>\n","protected":false},"author":1,"featured_media":0,"parent":0,"menu_order":0,"comment_status":"closed","ping_status":"closed","template":"","meta":{"footnotes":""},"class_list":["post-7","page","type-page","status-publish","hentry"],"yoast_head":"<!-- This site is optimized with the Yoast SEO plugin v27.2 - https:\/\/yoast.com\/product\/yoast-seo-wordpress\/ -->\n<title>- Pistolenclub Aarberg<\/title>\n<meta name=\"robots\" content=\"index, follow, max-snippet:-1, max-image-preview:large, max-video-preview:-1\" \/>\n<link rel=\"canonical\" href=\"https:\/\/neu.pc-aarberg.ch\/\" \/>\n<meta property=\"og:locale\" content=\"de_DE\" \/>\n<meta property=\"og:type\" content=\"article\" \/>\n<meta property=\"og:title\" content=\"- Pistolenclub Aarberg\" \/>\n<meta property=\"og:description\" content=\"Pistolenclub AarbergWillkommen! Hier findest Du alle wichtigen Informationen zum Schiessbetrieb, zur Mitgliedschaft und zum Verein Pistolenclub Aarberg selbst. \u00dcber uns Der Pistolenclub Aarberg wurde 1908 gegr\u00fcndet. Es handelt sich um einen politisch und konfessionell neutralen, unabh\u00e4ngigen Verein und z\u00e4hlt aktuell rund 60 Mitglieder. Hier findest du eine \u00dcbersicht der Vereinsfunktion\u00e4re, die Vereinsstatuten sowie die Gesch\u00e4fts- [&hellip;]\" \/>\n<meta property=\"og:url\" content=\"https:\/\/neu.pc-aarberg.ch\/\" \/>\n<meta property=\"og:site_name\" content=\"Pistolenclub Aarberg\" \/>\n<meta property=\"article:modified_time\" content=\"2026-03-29T21:07:52+00:00\" \/>\n<meta property=\"og:image\" content=\"https:\/\/neu.pc-aarberg.ch\/wp-content\/uploads\/2026\/02\/PC-Website_01-2.jpg\" \/>\n\t<meta property=\"og:image:width\" content=\"1473\" \/>\n\t<meta property=\"og:image:height\" content=\"740\" \/>\n\t<meta property=\"og:image:type\" content=\"image\/jpeg\" \/>\n<meta name=\"twitter:card\" content=\"summary_large_image\" \/>\n<meta name=\"twitter:label1\" content=\"Gesch\u00e4tzte Lesezeit\" \/>\n\t<meta name=\"twitter:data1\" content=\"2\u00a0Minuten\" \/>\n<script type=\"application\/ld+json\" class=\"yoast-schema-graph\">{\"@context\":\"https:\/\/schema.org\",\"@graph\":[{\"@type\":\"WebPage\",\"@id\":\"https:\/\/neu.pc-aarberg.ch\/\",\"url\":\"https:\/\/neu.pc-aarberg.ch\/\",\"name\":\"- Pistolenclub Aarberg\",\"isPartOf\":{\"@id\":\"https:\/\/neu.pc-aarberg.ch\/#website\"},\"primaryImageOfPage\":{\"@id\":\"https:\/\/neu.pc-aarberg.ch\/#primaryimage\"},\"image\":{\"@id\":\"https:\/\/neu.pc-aarberg.ch\/#primaryimage\"},\"thumbnailUrl\":\"https:\/\/neu.pc-aarberg.ch\/wp-content\/uploads\/2026\/02\/PC-Website_01-2.jpg\",\"datePublished\":\"2026-01-18T20:45:26+00:00\",\"dateModified\":\"2026-03-29T21:07:52+00:00\",\"inLanguage\":\"de\",\"potentialAction\":[{\"@type\":\"ReadAction\",\"target\":[\"https:\/\/neu.pc-aarberg.ch\/\"]}]},{\"@type\":\"ImageObject\",\"inLanguage\":\"de\",\"@id\":\"https:\/\/neu.pc-aarberg.ch\/#primaryimage\",\"url\":\"https:\/\/neu.pc-aarberg.ch\/wp-content\/uploads\/2026\/02\/PC-Website_01-2.jpg\",\"contentUrl\":\"https:\/\/neu.pc-aarberg.ch\/wp-content\/uploads\/2026\/02\/PC-Website_01-2.jpg\",\"width\":1473,\"height\":740},{\"@type\":\"WebSite\",\"@id\":\"https:\/\/neu.pc-aarberg.ch\/#website\",\"url\":\"https:\/\/neu.pc-aarberg.ch\/\",\"name\":\"Pistolenclub Aarberg\",\"description\":\"\",\"publisher\":{\"@id\":\"https:\/\/neu.pc-aarberg.ch\/#organization\"},\"potentialAction\":[{\"@type\":\"SearchAction\",\"target\":{\"@type\":\"EntryPoint\",\"urlTemplate\":\"https:\/\/neu.pc-aarberg.ch\/?s={search_term_string}\"},\"query-input\":{\"@type\":\"PropertyValueSpecification\",\"valueRequired\":true,\"valueName\":\"search_term_string\"}}],\"inLanguage\":\"de\"},{\"@type\":\"Organization\",\"@id\":\"https:\/\/neu.pc-aarberg.ch\/#organization\",\"name\":\"Pistolenclub Aarberg\",\"url\":\"https:\/\/neu.pc-aarberg.ch\/\",\"logo\":{\"@type\":\"ImageObject\",\"inLanguage\":\"de\",\"@id\":\"https:\/\/neu.pc-aarberg.ch\/#\/schema\/logo\/image\/\",\"url\":\"https:\/\/neu.pc-aarberg.ch\/wp-content\/uploads\/2026\/02\/image0-2.png\",\"contentUrl\":\"https:\/\/neu.pc-aarberg.ch\/wp-content\/uploads\/2026\/02\/image0-2.png\",\"width\":1536,\"height\":1024,\"caption\":\"Pistolenclub Aarberg\"},\"image\":{\"@id\":\"https:\/\/neu.pc-aarberg.ch\/#\/schema\/logo\/image\/\"}}]}<\/script>\n<!-- \/ Yoast SEO plugin. -->","yoast_head_json":{"title":"- Pistolenclub Aarberg","robots":{"index":"index","follow":"follow","max-snippet":"max-snippet:-1","max-image-preview":"max-image-preview:large","max-video-preview":"max-video-preview:-1"},"canonical":"https:\/\/neu.pc-aarberg.ch\/","og_locale":"de_DE","og_type":"article","og_title":"- Pistolenclub Aarberg","og_description":"Pistolenclub AarbergWillkommen! Hier findest Du alle wichtigen Informationen zum Schiessbetrieb, zur Mitgliedschaft und zum Verein Pistolenclub Aarberg selbst. \u00dcber uns Der Pistolenclub Aarberg wurde 1908 gegr\u00fcndet. Es handelt sich um einen politisch und konfessionell neutralen, unabh\u00e4ngigen Verein und z\u00e4hlt aktuell rund 60 Mitglieder. Hier findest du eine \u00dcbersicht der Vereinsfunktion\u00e4re, die Vereinsstatuten sowie die Gesch\u00e4fts- [&hellip;]","og_url":"https:\/\/neu.pc-aarberg.ch\/","og_site_name":"Pistolenclub Aarberg","article_modified_time":"2026-03-29T21:07:52+00:00","og_image":[{"width":1473,"height":740,"url":"https:\/\/neu.pc-aarberg.ch\/wp-content\/uploads\/2026\/02\/PC-Website_01-2.jpg","type":"image\/jpeg"}],"twitter_card":"summary_large_image","twitter_misc":{"Gesch\u00e4tzte Lesezeit":"2\u00a0Minuten"},"schema":{"@context":"https:\/\/schema.org","@graph":[{"@type":"WebPage","@id":"https:\/\/neu.pc-aarberg.ch\/","url":"https:\/\/neu.pc-aarberg.ch\/","name":"- Pistolenclub Aarberg","isPartOf":{"@id":"https:\/\/neu.pc-aarberg.ch\/#website"},"primaryImageOfPage":{"@id":"https:\/\/neu.pc-aarberg.ch\/#primaryimage"},"image":{"@id":"https:\/\/neu.pc-aarberg.ch\/#primaryimage"},"thumbnailUrl":"https:\/\/neu.pc-aarberg.ch\/wp-content\/uploads\/2026\/02\/PC-Website_01-2.jpg","datePublished":"2026-01-18T20:45:26+00:00","dateModified":"2026-03-29T21:07:52+00:00","inLanguage":"de","potentialAction":[{"@type":"ReadAction","target":["https:\/\/neu.pc-aarberg.ch\/"]}]},{"@type":"ImageObject","inLanguage":"de","@id":"https:\/\/neu.pc-aarberg.ch\/#primaryimage","url":"https:\/\/neu.pc-aarberg.ch\/wp-content\/uploads\/2026\/02\/PC-Website_01-2.jpg","contentUrl":"https:\/\/neu.pc-aarberg.ch\/wp-content\/uploads\/2026\/02\/PC-Website_01-2.jpg","width":1473,"height":740},{"@type":"WebSite","@id":"https:\/\/neu.pc-aarberg.ch\/#website","url":"https:\/\/neu.pc-aarberg.ch\/","name":"Pistolenclub Aarberg","description":"","publisher":{"@id":"https:\/\/neu.pc-aarberg.ch\/#organization"},"potentialAction":[{"@type":"SearchAction","target":{"@type":"EntryPoint","urlTemplate":"https:\/\/neu.pc-aarberg.ch\/?s={search_term_string}"},"query-input":{"@type":"PropertyValueSpecification","valueRequired":true,"valueName":"search_term_string"}}],"inLanguage":"de"},{"@type":"Organization","@id":"https:\/\/neu.pc-aarberg.ch\/#organization","name":"Pistolenclub Aarberg","url":"https:\/\/neu.pc-aarberg.ch\/","logo":{"@type":"ImageObject","inLanguage":"de","@id":"https:\/\/neu.pc-aarberg.ch\/#\/schema\/logo\/image\/","url":"https:\/\/neu.pc-aarberg.ch\/wp-content\/uploads\/2026\/02\/image0-2.png","contentUrl":"https:\/\/neu.pc-aarberg.ch\/wp-content\/uploads\/2026\/02\/image0-2.png","width":1536,"height":1024,"caption":"Pistolenclub Aarberg"},"image":{"@id":"https:\/\/neu.pc-aarberg.ch\/#\/schema\/logo\/image\/"}}]}},"_links":{"self":[{"href":"https:\/\/neu.pc-aarberg.ch\/index.php\/wp-json\/wp\/v2\/pages\/7","targetHints":{"allow":["GET"]}}],"collection":[{"href":"https:\/\/neu.pc-aarberg.ch\/index.php\/wp-json\/wp\/v2\/pages"}],"about":[{"href":"https:\/\/neu.pc-aarberg.ch\/index.php\/wp-json\/wp\/v2\/types\/page"}],"author":[{"embeddable":true,"href":"https:\/\/neu.pc-aarberg.ch\/index.php\/wp-json\/wp\/v2\/users\/1"}],"replies":[{"embeddable":true,"href":"https:\/\/neu.pc-aarberg.ch\/index.php\/wp-json\/wp\/v2\/comments?post=7"}],"version-history":[{"count":17,"href":"https:\/\/neu.pc-aarberg.ch\/index.php\/wp-json\/wp\/v2\/pages\/7\/revisions"}],"predecessor-version":[{"id":95,"href":"https:\/\/neu.pc-aarberg.ch\/index.php\/wp-json\/wp\/v2\/pages\/7\/revisions\/95"}],"wp:attachment":[{"href":"https:\/\/neu.pc-aarberg.ch\/index.php\/wp-json\/wp\/v2\/media?parent=7"}],"curies":[{"name":"wp","href":"https:\/\/api.w.org\/{rel}","templated":true}]}}